{"id":618,"date":"2021-05-17T19:09:18","date_gmt":"2021-05-17T16:09:18","guid":{"rendered":"http:\/\/viljandimaal.ee\/?page_id=618"},"modified":"2021-05-17T19:12:53","modified_gmt":"2021-05-17T16:12:53","slug":"kontakt","status":"publish","type":"page","link":"http:\/\/viljandimaal.ee\/en\/kontakt\/","title":{"rendered":"Contact"},"content":{"rendered":"<p>Digital educational resources have been developed as part of a Master\u2019s thesis in the Teacher of Arts and Technology master\u2019s curriculum at the University of Tartu Viljandi Culture Academy. The aim of the research project was to examine the possibilities of conducting an art class in the form of outdoor learning using smart devices and to determine whether this type of learning method is of interest to students. The results showed that this teaching method motivates children to act and discover. The QR-coded learning trail can be integrated with other subjects, encouraging children to move about, while providing opportunities for exploration and discovery, as well as serving as a basis for teachers to prepare different tasks.\n\nAnneli Pevgonen, the author of the Diploma thesis, wishes you pleasant experiences and enrichment through knowledge about the art history of the small town of Viljandi.<\/p>\n<div class=\"wpforms-container wpforms-container-full\" id=\"wpforms-621\"><form id=\"wpforms-form-621\" class=\"wpforms-validate wpforms-form\" data-formid=\"621\" method=\"post\" enctype=\"multipart\/form-data\" action=\"\/en\/wp-json\/wp\/v2\/pages\/618\" data-token=\"62e5705b537dc4be0f2825a03960cae8\" data-token-time=\"1775411134\" data-trp-original-action=\"\/en\/wp-json\/wp\/v2\/pages\/618\"><div class=\"wpforms-head-container\"><div class=\"wpforms-title\">V\u00f5ta \u00fchendust!<\/div><\/div><noscript class=\"wpforms-error-noscript\">Please enable JavaScript in your browser to complete this form.<\/noscript><div class=\"wpforms-field-container\"><div id=\"wpforms-621-field_0-container\" class=\"wpforms-field wpforms-field-name\" data-field-id=\"0\"><label class=\"wpforms-field-label\" for=\"wpforms-621-field_0\">Nimi <span class=\"wpforms-required-label\">*<\/span><\/label><input type=\"text\" id=\"wpforms-621-field_0\" class=\"wpforms-field-medium wpforms-field-required\" name=\"wpforms[fields][0]\" required><\/div><div id=\"wpforms-621-field_1-container\" class=\"wpforms-field wpforms-field-email\" data-field-id=\"1\"><label class=\"wpforms-field-label\" for=\"wpforms-621-field_1\">Meiliaadress <span class=\"wpforms-required-label\">*<\/span><\/label><input type=\"email\" id=\"wpforms-621-field_1\" class=\"wpforms-field-medium wpforms-field-required\" name=\"wpforms[fields][1]\" spellcheck=\"false\" required><\/div><div id=\"wpforms-621-field_2-container\" class=\"wpforms-field wpforms-field-textarea\" data-field-id=\"2\"><label class=\"wpforms-field-label\" for=\"wpforms-621-field_2\">S\u00f5num <span class=\"wpforms-required-label\">*<\/span><\/label><textarea id=\"wpforms-621-field_2\" class=\"wpforms-field-medium wpforms-field-required\" name=\"wpforms[fields][2]\" required><\/textarea><\/div><\/div><!-- .wpforms-field-container --><div class=\"wpforms-recaptcha-container wpforms-is-recaptcha wpforms-is-recaptcha-type-v2\" ><div class=\"g-recaptcha\" data-sitekey=\"6Ld7suwjAAAAAFHbyZsl8Bium8X8ctQSyuU5caPz\"><\/div><input type=\"text\" name=\"g-recaptcha-hidden\" class=\"wpforms-recaptcha-hidden\" style=\"position:absolute!important;clip:rect(0,0,0,0)!important;height:1px!important;width:1px!important;border:0!important;overflow:hidden!important;padding:0!important;margin:0!important;\" data-rule-recaptcha=\"1\"><\/div><div class=\"wpforms-submit-container\" ><input type=\"hidden\" name=\"wpforms[id]\" value=\"621\"><input type=\"hidden\" name=\"page_title\" value=\"\"><input type=\"hidden\" name=\"page_url\" value=\"http:\/\/viljandimaal.ee\/en\/wp-json\/wp\/v2\/pages\/618\"><button type=\"submit\" name=\"wpforms[submit]\" id=\"wpforms-submit-621\" class=\"wpforms-submit\" data-alt-text=\"Saadan...\" data-submit-text=\"Saada\" aria-live=\"assertive\" value=\"wpforms-submit\">Saada<\/button><\/div><input type=\"hidden\" name=\"trp-form-language\" value=\"en\"\/><\/form><\/div>  <!-- .wpforms-container -->","protected":false},"excerpt":{"rendered":"<p>Digitaalne \u00f5ppevara on valminud Tartu \u00dclikooli Viljandi Kultuuriakadeemia kunstide ja tehnoloogia \u00f5petaja \u00f5ppekava magistrit\u00f6\u00f6 osana. Uurimist\u00f6\u00f6 eesm\u00e4rk oli k\u00e4sitleda kunstitunni l\u00e4biviimise v\u00f5imalusi nutiseadmeid kasutades \u00f5ues\u00f5ppe<a href=\"http:\/\/viljandimaal.ee\/en\/kontakt\/\" class=\"more-link\">(loe lisa&#8230;)<\/a><\/p>","protected":false},"author":1,"featured_media":0,"parent":0,"menu_order":0,"comment_status":"closed","ping_status":"closed","template":"","meta":{"footnotes":""},"class_list":["post-618","page","type-page","status-publish","hentry"],"_links":{"self":[{"href":"http:\/\/viljandimaal.ee\/en\/wp-json\/wp\/v2\/pages\/618","targetHints":{"allow":["GET"]}}],"collection":[{"href":"http:\/\/viljandimaal.ee\/en\/wp-json\/wp\/v2\/pages"}],"about":[{"href":"http:\/\/viljandimaal.ee\/en\/wp-json\/wp\/v2\/types\/page"}],"author":[{"embeddable":true,"href":"http:\/\/viljandimaal.ee\/en\/wp-json\/wp\/v2\/users\/1"}],"replies":[{"embeddable":true,"href":"http:\/\/viljandimaal.ee\/en\/wp-json\/wp\/v2\/comments?post=618"}],"version-history":[{"count":2,"href":"http:\/\/viljandimaal.ee\/en\/wp-json\/wp\/v2\/pages\/618\/revisions"}],"predecessor-version":[{"id":622,"href":"http:\/\/viljandimaal.ee\/en\/wp-json\/wp\/v2\/pages\/618\/revisions\/622"}],"wp:attachment":[{"href":"http:\/\/viljandimaal.ee\/en\/wp-json\/wp\/v2\/media?parent=618"}],"curies":[{"name":"wp","href":"https:\/\/api.w.org\/{rel}","templated":true}]}}