{"id":2,"date":"2021-04-21T16:43:39","date_gmt":"2021-04-21T16:43:39","guid":{"rendered":"http:\/\/viljandimaal.ee\/?page_id=2"},"modified":"2021-05-17T19:19:21","modified_gmt":"2021-05-17T16:19:21","slug":"tere-tulemast","status":"publish","type":"page","link":"http:\/\/www.viljandimaal.ee\/en\/","title":{"rendered":"Tere tulemast"},"content":{"rendered":"<h3>Welcome to discovering artworks depicting Viljandi!<\/h3>\n<p>On this page you will find a selection of paintings and drawings by artists who have captured\nViljandi over the past 200 years using various techniques. The first images were made before\nthe advent of photography, and the latest are from 2000. The authors of the works are either\nartists who have lived in Viljandi, passed through, stayed here for a shorter or longer period of\ntime, or were commissioned to create works.\n\nThe purpose of creating digital educational resources was to invite everyone to look at and\ncompare Viljandi before and now, to see what has changed, and at the same time to learn\nmore about the art history of romantic Viljandi. The works of art were created in Viljandi\u2019s\nOld Town and the Castle Hills, offering beautiful views of the lake, the town, and the castle\nruins. By accessing a QR code with a smart device at the observation point, you will be shown\na work of art that was created there and find out more about the artist and their work, based on\nthe information that was available to the creators of the page. The observation points are\nhypothetical and as close as possible to the presumed location where the artist once stood and\ncaptured the view on canvas. The teaching resource is based on the book Viljandi Motif, by\nMari Vallikivi, published in 2020.\n\nTo get started, select a map and set a route. Each of the 17 observation points, located by\nstreet name, is marked with a QR code. By opening the code with your smart device, you can\nsee a work of art and learn about the life and work of its author.<\/p>\n<p>Digital educational resources have been developed as part of a Master\u2019s thesis in the Teacher\nof Arts and Technology master\u2019s curriculum at the University of Tartu Viljandi Culture\nAcademy. The aim of the research project was to examine the possibilities of conducting an\nart class in the form of outdoor learning using smart devices and to determine whether this\ntype of learning method is of interest to students. The results showed that this teaching\nmethod motivates children to act and discover. The QR-coded learning trail can be integrated\nwith other subjects, encouraging children to move about, while providing opportunities for\nexploration and discovery, as well as serving as a basis for teachers to prepare different tasks.<\/p>\n<p class=\" translation-block\">Anneli Pevgonen, the author of the Diploma thesis, wishes you pleasant experiences and\nenrichment through knowledge about the art history of the small town of Viljandi.<\/p>","protected":false},"excerpt":{"rendered":"<p>Tere tulemast tutvuma Viljandit kujutavate kunstiteostega! Sellelt lehek\u00fcljelt leiate valiku erinevates tehnikates maale ja joonistusi kunstnikelt, kes on Viljandit j\u00e4\u00e4dvustanud viimase 200 aasta jooksul. Esimesed<a href=\"http:\/\/www.viljandimaal.ee\/en\/\" class=\"more-link\">(loe lisa&#8230;)<\/a><\/p>","protected":false},"author":1,"featured_media":0,"parent":0,"menu_order":0,"comment_status":"closed","ping_status":"closed","template":"","meta":{"footnotes":""},"class_list":["post-2","page","type-page","status-publish","hentry"],"_links":{"self":[{"href":"http:\/\/www.viljandimaal.ee\/en\/wp-json\/wp\/v2\/pages\/2","targetHints":{"allow":["GET"]}}],"collection":[{"href":"http:\/\/www.viljandimaal.ee\/en\/wp-json\/wp\/v2\/pages"}],"about":[{"href":"http:\/\/www.viljandimaal.ee\/en\/wp-json\/wp\/v2\/types\/page"}],"author":[{"embeddable":true,"href":"http:\/\/www.viljandimaal.ee\/en\/wp-json\/wp\/v2\/users\/1"}],"replies":[{"embeddable":true,"href":"http:\/\/www.viljandimaal.ee\/en\/wp-json\/wp\/v2\/comments?post=2"}],"version-history":[{"count":5,"href":"http:\/\/www.viljandimaal.ee\/en\/wp-json\/wp\/v2\/pages\/2\/revisions"}],"predecessor-version":[{"id":627,"href":"http:\/\/www.viljandimaal.ee\/en\/wp-json\/wp\/v2\/pages\/2\/revisions\/627"}],"wp:attachment":[{"href":"http:\/\/www.viljandimaal.ee\/en\/wp-json\/wp\/v2\/media?parent=2"}],"curies":[{"name":"wp","href":"https:\/\/api.w.org\/{rel}","templated":true}]}}